{"id":2072,"date":"2023-11-03T12:45:59","date_gmt":"2023-11-03T17:45:59","guid":{"rendered":"https:\/\/lacasadelcompresor.com\/?post_type=product&#038;p=2072"},"modified":"2023-12-15T18:32:19","modified_gmt":"2023-12-15T23:32:19","slug":"compresores-de-tornillo","status":"publish","type":"product","link":"https:\/\/lacasadelcompresor.com\/index.php\/producto\/compresores-de-tornillo\/","title":{"rendered":"Compresores de Tornillo"},"content":{"rendered":"<p>Nuestros compresores de tornillo adoptan tecnolog\u00eda alemana, es por esto que est\u00e1n fabricados bajo rigurosos controles de calidad como lo son CERTIFICADO ISO &#8211; CERTIFICADO ASME &#8211; CERTIFICADO CE &#8211; CERTIFICADO UL<\/p>\n<p>Su ensamblaje de alta calidad incluye rodamientos SKF, Componentes el\u00e9ctricos  Schneider y otras marcas famosas que aseguran su buena estabilidad, alta eficiencia, bajo nivel de ruido y larga vida. Es ampliamente utilizado en generaci\u00f3n de energ\u00eda, construcci\u00f3n naval, alimentos, paquetes, electr\u00f3nica, cemento, textil, fabricaci\u00f3n de papel, gas, etc <\/p>\n<p>TRADUCCION IMAGEN 1<\/p>\n<p>TECNOLOG\u00cdA ALEMANA<\/p>\n<p>La unidad de tornillo desarrollada y dise\u00f1ada por un equipo de ingenieros alemanes de alto nivel y el uso de componentes de gran calidad como lo son el set de rodamientos SKF, los dos tornillos de acero durable y gran de gran precisi\u00f3n, el caparaz\u00f3n en hierro nos da como resultado un compresor un alto rendimiento con  una mayor capacidad de aire y calidad del aire<\/p>\n<p>traducci\u00f3n imagen 2<\/p>\n<p>CUADRO EL\u00c9CTRICO  SCHNEIDER<br \/>\nLos componentes el\u00e9ctricos principales utilizan la marca mundialmente famosa Schneider con un dise\u00f1o de entrada de cable profesional, dise\u00f1ado y adaptado para diagnosticar fallas de forma sencilla  y proteger autom\u00e1ticamente.<\/p>\n<p>traducci\u00f3n imagen 3<\/p>\n<p>MOTOR<br \/>\nUsando motor de alto rendimiento, clase de protecci\u00f3n IP54 \/ IP55, aislamiento de clase F, soporte de carga SKF, mayor eficiencia que productos similares ya que posee una eficiencia el\u00e9ctrica IE3 aseguran que los costos energ\u00e9ticos sean bajos .<\/p>\n<p>Traducci\u00f3n imagen 4 <\/p>\n<p>SISTEMA DE REFRIGERACI\u00d3N<br \/>\nDise\u00f1o de gran \u00e1rea de intercambio de calor, puede evitar eficazmente altas temperaturas y adaptarse a las malas condiciones de trabajo para garantizar una vida \u00fatil m\u00e1s larga.<\/p>\n<p>traducci\u00f3n imagen 5<\/p>\n<p>V\u00c1LVULA DE ADMISI\u00d3N<br \/>\nAjuste autom\u00e1tico en funci\u00f3n del consumo, bajo mantenimiento, buena estabilidad, aire de entrada grande.<\/p>\n","protected":false},"excerpt":{"rendered":"<p>Nuestros compresores de tornillo adoptan tecnolog\u00eda alemana, es por esto que est\u00e1n fabricados bajo rigurosos controles de calidad como lo son CERTIFICADO ISO &#8211; CERTIFICADO ASME &#8211; CERTIFICADO CE &#8211; CERTIFICADO UL Su ensamblaje de alta calidad incluye rodamientos SKF, Componentes el\u00e9ctricos Schneider y otras marcas famosas que aseguran su buena estabilidad, alta eficiencia, bajo &hellip;<\/p>\n<p class=\"read-more\"> <a class=\"\" href=\"https:\/\/lacasadelcompresor.com\/index.php\/producto\/compresores-de-tornillo\/\"> <span class=\"screen-reader-text\">Compresores de Tornillo<\/span> Leer m\u00e1s &raquo;<\/a><\/p>\n","protected":false},"featured_media":2118,"template":"","meta":{"site-sidebar-layout":"default","site-content-layout":"default","ast-global-header-display":"","ast-banner-title-visibility":"","ast-main-header-display":"","ast-hfb-above-header-display":"","ast-hfb-below-header-display":"","ast-hfb-mobile-header-display":"","site-post-title":"","ast-breadcrumbs-content":"","ast-featured-img":"","footer-sml-layout":"","theme-transparent-header-meta":"default","adv-header-id-meta":"","stick-header-meta":"","header-above-stick-meta":"","header-main-stick-meta":"","header-below-stick-meta":"","_joinchat":[]},"product_brand":[],"product_cat":[97],"product_tag":[],"class_list":{"0":"post-2072","1":"product","2":"type-product","3":"status-publish","4":"has-post-thumbnail","6":"product_cat-compresores-de-tornillo","7":"desktop-align-left","8":"tablet-align-left","9":"mobile-align-left","11":"first","12":"instock","13":"shipping-taxable","14":"product-type-external"},"_links":{"self":[{"href":"https:\/\/lacasadelcompresor.com\/index.php\/wp-json\/wp\/v2\/product\/2072","targetHints":{"allow":["GET"]}}],"collection":[{"href":"https:\/\/lacasadelcompresor.com\/index.php\/wp-json\/wp\/v2\/product"}],"about":[{"href":"https:\/\/lacasadelcompresor.com\/index.php\/wp-json\/wp\/v2\/types\/product"}],"wp:featuredmedia":[{"embeddable":true,"href":"https:\/\/lacasadelcompresor.com\/index.php\/wp-json\/wp\/v2\/media\/2118"}],"wp:attachment":[{"href":"https:\/\/lacasadelcompresor.com\/index.php\/wp-json\/wp\/v2\/media?parent=2072"}],"wp:term":[{"taxonomy":"product_brand","embeddable":true,"href":"https:\/\/lacasadelcompresor.com\/index.php\/wp-json\/wp\/v2\/product_brand?post=2072"},{"taxonomy":"product_cat","embeddable":true,"href":"https:\/\/lacasadelcompresor.com\/index.php\/wp-json\/wp\/v2\/product_cat?post=2072"},{"taxonomy":"product_tag","embeddable":true,"href":"https:\/\/lacasadelcompresor.com\/index.php\/wp-json\/wp\/v2\/product_tag?post=2072"}],"curies":[{"name":"wp","href":"https:\/\/api.w.org\/{rel}","templated":true}]}}